{"id":1104,"date":"2016-08-03T22:12:53","date_gmt":"2016-08-03T21:12:53","guid":{"rendered":"http:\/\/www.burobinnenkant.nl\/wordpress\/?page_id=1104"},"modified":"2024-08-28T13:34:09","modified_gmt":"2024-08-28T12:34:09","slug":"een-opruimfeestje","status":"publish","type":"page","link":"https:\/\/www.burobinnenkant.nl\/wordpress\/een-opruimfeestje\/","title":{"rendered":"Een opruimfeestje!"},"content":{"rendered":"<p><img loading=\"lazy\" decoding=\"async\" class=\"alignleft size-full wp-image-1105\" src=\"https:\/\/www.burobinnenkant.nl\/wordpress\/wp-content\/uploads\/2016\/08\/feestslinger.jpg\" alt=\"feestslinger\" width=\"269\" height=\"168\" srcset=\"https:\/\/www.burobinnenkant.nl\/wordpress\/wp-content\/uploads\/2016\/08\/feestslinger.jpg 269w, https:\/\/www.burobinnenkant.nl\/wordpress\/wp-content\/uploads\/2016\/08\/feestslinger-240x150.jpg 240w, https:\/\/www.burobinnenkant.nl\/wordpress\/wp-content\/uploads\/2016\/08\/feestslinger-150x94.jpg 150w\" sizes=\"(max-width: 269px) 100vw, 269px\" \/><\/p>\n<p><strong><span style=\"color: #333399; font-family: verdana,geneva,sans-serif; font-size: 12pt;\">Een opruimfeestje!<\/span><\/strong><\/p>\n<p><span style=\"color: #333399; font-family: verdana,geneva,sans-serif; font-size: 12pt;\">Soms kan het h\u00e9\u00e9l stimulerend <\/span><span style=\"color: #333399; font-family: verdana,geneva,sans-serif; font-size: 12pt;\">en een goed idee zijn om op \u00e9\u00e9n dag <\/span><span style=\"color: #333399; font-family: verdana,geneva,sans-serif; font-size: 12pt;\">een h\u00e9le grote opruimslag te maken samen met familie en vrienden <\/span><span style=\"color: #333399; font-family: verdana,geneva,sans-serif; font-size: 12pt;\">die je helpen met hun aanwezigheid, ideetjes en wat extra opruimhandjes!<\/span><\/p>\n<blockquote><p><span style=\"color: #333399; font-family: verdana,geneva,sans-serif; font-size: 12pt;\">Ik ben graag de ceremoniemeester op een opruimfeestje bij jou thuis!<\/span><\/p><\/blockquote>\n<p><strong><span style=\"color: #333399; font-family: verdana,geneva,sans-serif; font-size: 12pt;\">Benodigdheden:<\/span><\/strong><\/p>\n<ul>\n<li><span style=\"color: #333399; font-family: verdana,geneva,sans-serif; font-size: 12pt;\">Een rommelig huis, zolder of garage.<\/span><\/li>\n<li><span style=\"color: #333399; font-family: verdana,geneva,sans-serif; font-size: 12pt;\">Een flinke groep partydeelnemers met goede zin en van goede wil.<\/span><\/li>\n<li><span style=\"color: #333399; font-family: verdana,geneva,sans-serif; font-size: 12pt;\">Een zonnige zaterdag.<\/span><\/li>\n<li><span style=\"color: #333399; font-family: verdana,geneva,sans-serif; font-size: 12pt;\">Van allerlei lekkers voor de inwendige mens.<\/span><\/li>\n<li><span style=\"color: #333399; font-family: verdana,geneva,sans-serif; font-size: 12pt;\">Comfortabel zittende kleren en schoenen die tegen een stootje kunnen.<\/span><\/li>\n<li><span style=\"color: #333399; font-family: verdana,geneva,sans-serif; font-size: 12pt;\">Een gezellig muziekje erbij.<\/span><\/li>\n<li><span style=\"color: #333399; font-family: verdana,geneva,sans-serif; font-size: 12pt;\">Handige opruimspullen &amp; adequaat opruimvervoer.<\/span><\/li>\n<\/ul>\n<blockquote><p><em><span style=\"color: #333399; font-family: verdana,geneva,sans-serif; font-size: 12pt;\">Zo&#8217;n opruimparty zal niet in alle gevallen goed werken, en valt of staat met een hele goede voorbereiding. <\/span><\/em><\/p>\n<p><em><span style=\"color: #333399; font-family: verdana,geneva,sans-serif; font-size: 12pt;\">Over deze beide onderwerpen ga ik graag met je in gesprek&#8230;<\/span><\/em><\/p><\/blockquote>\n<p><strong><span style=\"color: #333399; font-family: verdana,geneva,sans-serif; font-size: 12pt;\">Je bent van harte welkom!<\/span><\/strong><\/p>\n<p><img loading=\"lazy\" decoding=\"async\" class=\"size-full wp-image-366 alignright\" src=\"https:\/\/www.burobinnenkant.nl\/wordpress\/wp-content\/uploads\/2016\/07\/binnenkantcadeau.jpg\" alt=\"binnenkantcadeau\" width=\"162\" height=\"178\" srcset=\"https:\/\/www.burobinnenkant.nl\/wordpress\/wp-content\/uploads\/2016\/07\/binnenkantcadeau.jpg 162w, https:\/\/www.burobinnenkant.nl\/wordpress\/wp-content\/uploads\/2016\/07\/binnenkantcadeau-137x150.jpg 137w\" sizes=\"(max-width: 162px) 100vw, 162px\" \/><\/p>\n<p><span style=\"color: #333399; font-family: verdana,geneva,sans-serif; font-size: 12pt;\">H\u00e9\u00e9l soms zou een opruimfeestje een fijn cadeau kunnen zijn voor iemand die z\u00e9lf heeft aangegeven graag hulp te krijgen bij het klaren van een grote opruimklus. <\/span><\/p>\n<p><span style=\"color: #333399; font-family: verdana,geneva,sans-serif; font-size: 12pt;\">In d\u00e1t geval zou je Binnenkant cadeau kunnen geven en een Binnenkant cadeaubon kunnen kopen. <\/span><\/p>\n<blockquote><p><span style=\"color: #333399; font-family: verdana,geneva,sans-serif; font-size: 12pt;\">Binnenkant maakt met alle plezier een persoonlijk opgestelde cadeaubon voor je op. <\/span><\/p><\/blockquote>\n","protected":false},"excerpt":{"rendered":"<p>Een opruimfeestje! Soms kan het h\u00e9\u00e9l stimulerend en een goed idee zijn om op \u00e9\u00e9n dag een h\u00e9le grote opruimslag te maken samen met familie en vrienden die je helpen met hun aanwezigheid, ideetjes en wat extra opruimhandjes! Ik ben graag de ceremoniemeester op een opruimfeestje bij jou thuis! Benodigdheden:\u2026 <a class=\"continue-reading-link\" href=\"https:\/\/www.burobinnenkant.nl\/wordpress\/een-opruimfeestje\/\">lees verder<\/a><\/p>\n","protected":false},"author":1,"featured_media":0,"parent":0,"menu_order":0,"comment_status":"closed","ping_status":"closed","template":"templates\/template-twocolumns-right.php","meta":{"footnotes":""},"class_list":["post-1104","page","type-page","status-publish","hentry"],"yoast_head":"<!-- This site is optimized with the Yoast SEO plugin v25.5 - https:\/\/yoast.com\/wordpress\/plugins\/seo\/ -->\n<title>Een opruimfeestje! - Binnenkant<\/title>\n<meta name=\"robots\" content=\"index, follow, max-snippet:-1, max-image-preview:large, max-video-preview:-1\" \/>\n<link rel=\"canonical\" href=\"https:\/\/www.burobinnenkant.nl\/wordpress\/een-opruimfeestje\/\" \/>\n<meta property=\"og:locale\" content=\"nl_NL\" \/>\n<meta property=\"og:type\" content=\"article\" \/>\n<meta property=\"og:title\" content=\"Een opruimfeestje! - Binnenkant\" \/>\n<meta property=\"og:description\" content=\"Een opruimfeestje! Soms kan het h\u00e9\u00e9l stimulerend en een goed idee zijn om op \u00e9\u00e9n dag een h\u00e9le grote opruimslag te maken samen met familie en vrienden die je helpen met hun aanwezigheid, ideetjes en wat extra opruimhandjes! Ik ben graag de ceremoniemeester op een opruimfeestje bij jou thuis! Benodigdheden:\u2026 lees verder\" \/>\n<meta property=\"og:url\" content=\"https:\/\/www.burobinnenkant.nl\/wordpress\/een-opruimfeestje\/\" \/>\n<meta property=\"og:site_name\" content=\"Binnenkant\" \/>\n<meta property=\"article:modified_time\" content=\"2024-08-28T12:34:09+00:00\" \/>\n<meta property=\"og:image\" content=\"https:\/\/www.burobinnenkant.nl\/wordpress\/wp-content\/uploads\/2016\/08\/feestslinger.jpg\" \/>\n<meta name=\"twitter:card\" content=\"summary_large_image\" \/>\n<meta name=\"twitter:label1\" content=\"Geschatte leestijd\" \/>\n\t<meta name=\"twitter:data1\" content=\"2 minuten\" \/>\n<script type=\"application\/ld+json\" class=\"yoast-schema-graph\">{\"@context\":\"https:\/\/schema.org\",\"@graph\":[{\"@type\":\"WebPage\",\"@id\":\"https:\/\/www.burobinnenkant.nl\/wordpress\/een-opruimfeestje\/\",\"url\":\"https:\/\/www.burobinnenkant.nl\/wordpress\/een-opruimfeestje\/\",\"name\":\"Een opruimfeestje! - Binnenkant\",\"isPartOf\":{\"@id\":\"https:\/\/www.burobinnenkant.nl\/wordpress\/#website\"},\"primaryImageOfPage\":{\"@id\":\"https:\/\/www.burobinnenkant.nl\/wordpress\/een-opruimfeestje\/#primaryimage\"},\"image\":{\"@id\":\"https:\/\/www.burobinnenkant.nl\/wordpress\/een-opruimfeestje\/#primaryimage\"},\"thumbnailUrl\":\"https:\/\/www.burobinnenkant.nl\/wordpress\/wp-content\/uploads\/2016\/08\/feestslinger.jpg\",\"datePublished\":\"2016-08-03T21:12:53+00:00\",\"dateModified\":\"2024-08-28T12:34:09+00:00\",\"breadcrumb\":{\"@id\":\"https:\/\/www.burobinnenkant.nl\/wordpress\/een-opruimfeestje\/#breadcrumb\"},\"inLanguage\":\"nl-NL\",\"potentialAction\":[{\"@type\":\"ReadAction\",\"target\":[\"https:\/\/www.burobinnenkant.nl\/wordpress\/een-opruimfeestje\/\"]}]},{\"@type\":\"ImageObject\",\"inLanguage\":\"nl-NL\",\"@id\":\"https:\/\/www.burobinnenkant.nl\/wordpress\/een-opruimfeestje\/#primaryimage\",\"url\":\"https:\/\/www.burobinnenkant.nl\/wordpress\/wp-content\/uploads\/2016\/08\/feestslinger.jpg\",\"contentUrl\":\"https:\/\/www.burobinnenkant.nl\/wordpress\/wp-content\/uploads\/2016\/08\/feestslinger.jpg\",\"width\":269,\"height\":168},{\"@type\":\"BreadcrumbList\",\"@id\":\"https:\/\/www.burobinnenkant.nl\/wordpress\/een-opruimfeestje\/#breadcrumb\",\"itemListElement\":[{\"@type\":\"ListItem\",\"position\":1,\"name\":\"Home\",\"item\":\"https:\/\/www.burobinnenkant.nl\/wordpress\/\"},{\"@type\":\"ListItem\",\"position\":2,\"name\":\"Een opruimfeestje!\"}]},{\"@type\":\"WebSite\",\"@id\":\"https:\/\/www.burobinnenkant.nl\/wordpress\/#website\",\"url\":\"https:\/\/www.burobinnenkant.nl\/wordpress\/\",\"name\":\"Binnenkant\",\"description\":\"Binnenhuisarchitect &amp; Opruimcoach\",\"publisher\":{\"@id\":\"https:\/\/www.burobinnenkant.nl\/wordpress\/#\/schema\/person\/a139271563d5a386d3fd5708010899ad\"},\"potentialAction\":[{\"@type\":\"SearchAction\",\"target\":{\"@type\":\"EntryPoint\",\"urlTemplate\":\"https:\/\/www.burobinnenkant.nl\/wordpress\/?s={search_term_string}\"},\"query-input\":{\"@type\":\"PropertyValueSpecification\",\"valueRequired\":true,\"valueName\":\"search_term_string\"}}],\"inLanguage\":\"nl-NL\"},{\"@type\":[\"Person\",\"Organization\"],\"@id\":\"https:\/\/www.burobinnenkant.nl\/wordpress\/#\/schema\/person\/a139271563d5a386d3fd5708010899ad\",\"name\":\"Jacquelien\",\"image\":{\"@type\":\"ImageObject\",\"inLanguage\":\"nl-NL\",\"@id\":\"https:\/\/www.burobinnenkant.nl\/wordpress\/#\/schema\/person\/image\/\",\"url\":\"https:\/\/secure.gravatar.com\/avatar\/1d90c7a48f57a1a1c6020c8b27ed4d9c?s=96&d=mm&r=g\",\"contentUrl\":\"https:\/\/secure.gravatar.com\/avatar\/1d90c7a48f57a1a1c6020c8b27ed4d9c?s=96&d=mm&r=g\",\"caption\":\"Jacquelien\"},\"logo\":{\"@id\":\"https:\/\/www.burobinnenkant.nl\/wordpress\/#\/schema\/person\/image\/\"}}]}<\/script>\n<!-- \/ Yoast SEO plugin. -->","yoast_head_json":{"title":"Een opruimfeestje! - Binnenkant","robots":{"index":"index","follow":"follow","max-snippet":"max-snippet:-1","max-image-preview":"max-image-preview:large","max-video-preview":"max-video-preview:-1"},"canonical":"https:\/\/www.burobinnenkant.nl\/wordpress\/een-opruimfeestje\/","og_locale":"nl_NL","og_type":"article","og_title":"Een opruimfeestje! - Binnenkant","og_description":"Een opruimfeestje! Soms kan het h\u00e9\u00e9l stimulerend en een goed idee zijn om op \u00e9\u00e9n dag een h\u00e9le grote opruimslag te maken samen met familie en vrienden die je helpen met hun aanwezigheid, ideetjes en wat extra opruimhandjes! Ik ben graag de ceremoniemeester op een opruimfeestje bij jou thuis! Benodigdheden:\u2026 lees verder","og_url":"https:\/\/www.burobinnenkant.nl\/wordpress\/een-opruimfeestje\/","og_site_name":"Binnenkant","article_modified_time":"2024-08-28T12:34:09+00:00","og_image":[{"url":"https:\/\/www.burobinnenkant.nl\/wordpress\/wp-content\/uploads\/2016\/08\/feestslinger.jpg","type":"","width":"","height":""}],"twitter_card":"summary_large_image","twitter_misc":{"Geschatte leestijd":"2 minuten"},"schema":{"@context":"https:\/\/schema.org","@graph":[{"@type":"WebPage","@id":"https:\/\/www.burobinnenkant.nl\/wordpress\/een-opruimfeestje\/","url":"https:\/\/www.burobinnenkant.nl\/wordpress\/een-opruimfeestje\/","name":"Een opruimfeestje! - Binnenkant","isPartOf":{"@id":"https:\/\/www.burobinnenkant.nl\/wordpress\/#website"},"primaryImageOfPage":{"@id":"https:\/\/www.burobinnenkant.nl\/wordpress\/een-opruimfeestje\/#primaryimage"},"image":{"@id":"https:\/\/www.burobinnenkant.nl\/wordpress\/een-opruimfeestje\/#primaryimage"},"thumbnailUrl":"https:\/\/www.burobinnenkant.nl\/wordpress\/wp-content\/uploads\/2016\/08\/feestslinger.jpg","datePublished":"2016-08-03T21:12:53+00:00","dateModified":"2024-08-28T12:34:09+00:00","breadcrumb":{"@id":"https:\/\/www.burobinnenkant.nl\/wordpress\/een-opruimfeestje\/#breadcrumb"},"inLanguage":"nl-NL","potentialAction":[{"@type":"ReadAction","target":["https:\/\/www.burobinnenkant.nl\/wordpress\/een-opruimfeestje\/"]}]},{"@type":"ImageObject","inLanguage":"nl-NL","@id":"https:\/\/www.burobinnenkant.nl\/wordpress\/een-opruimfeestje\/#primaryimage","url":"https:\/\/www.burobinnenkant.nl\/wordpress\/wp-content\/uploads\/2016\/08\/feestslinger.jpg","contentUrl":"https:\/\/www.burobinnenkant.nl\/wordpress\/wp-content\/uploads\/2016\/08\/feestslinger.jpg","width":269,"height":168},{"@type":"BreadcrumbList","@id":"https:\/\/www.burobinnenkant.nl\/wordpress\/een-opruimfeestje\/#breadcrumb","itemListElement":[{"@type":"ListItem","position":1,"name":"Home","item":"https:\/\/www.burobinnenkant.nl\/wordpress\/"},{"@type":"ListItem","position":2,"name":"Een opruimfeestje!"}]},{"@type":"WebSite","@id":"https:\/\/www.burobinnenkant.nl\/wordpress\/#website","url":"https:\/\/www.burobinnenkant.nl\/wordpress\/","name":"Binnenkant","description":"Binnenhuisarchitect &amp; Opruimcoach","publisher":{"@id":"https:\/\/www.burobinnenkant.nl\/wordpress\/#\/schema\/person\/a139271563d5a386d3fd5708010899ad"},"potentialAction":[{"@type":"SearchAction","target":{"@type":"EntryPoint","urlTemplate":"https:\/\/www.burobinnenkant.nl\/wordpress\/?s={search_term_string}"},"query-input":{"@type":"PropertyValueSpecification","valueRequired":true,"valueName":"search_term_string"}}],"inLanguage":"nl-NL"},{"@type":["Person","Organization"],"@id":"https:\/\/www.burobinnenkant.nl\/wordpress\/#\/schema\/person\/a139271563d5a386d3fd5708010899ad","name":"Jacquelien","image":{"@type":"ImageObject","inLanguage":"nl-NL","@id":"https:\/\/www.burobinnenkant.nl\/wordpress\/#\/schema\/person\/image\/","url":"https:\/\/secure.gravatar.com\/avatar\/1d90c7a48f57a1a1c6020c8b27ed4d9c?s=96&d=mm&r=g","contentUrl":"https:\/\/secure.gravatar.com\/avatar\/1d90c7a48f57a1a1c6020c8b27ed4d9c?s=96&d=mm&r=g","caption":"Jacquelien"},"logo":{"@id":"https:\/\/www.burobinnenkant.nl\/wordpress\/#\/schema\/person\/image\/"}}]}},"_links":{"self":[{"href":"https:\/\/www.burobinnenkant.nl\/wordpress\/wp-json\/wp\/v2\/pages\/1104"}],"collection":[{"href":"https:\/\/www.burobinnenkant.nl\/wordpress\/wp-json\/wp\/v2\/pages"}],"about":[{"href":"https:\/\/www.burobinnenkant.nl\/wordpress\/wp-json\/wp\/v2\/types\/page"}],"author":[{"embeddable":true,"href":"https:\/\/www.burobinnenkant.nl\/wordpress\/wp-json\/wp\/v2\/users\/1"}],"replies":[{"embeddable":true,"href":"https:\/\/www.burobinnenkant.nl\/wordpress\/wp-json\/wp\/v2\/comments?post=1104"}],"version-history":[{"count":20,"href":"https:\/\/www.burobinnenkant.nl\/wordpress\/wp-json\/wp\/v2\/pages\/1104\/revisions"}],"predecessor-version":[{"id":5531,"href":"https:\/\/www.burobinnenkant.nl\/wordpress\/wp-json\/wp\/v2\/pages\/1104\/revisions\/5531"}],"wp:attachment":[{"href":"https:\/\/www.burobinnenkant.nl\/wordpress\/wp-json\/wp\/v2\/media?parent=1104"}],"curies":[{"name":"wp","href":"https:\/\/api.w.org\/{rel}","templated":true}]}}